{"id":30,"date":"2026-02-25T13:15:10","date_gmt":"2026-02-25T13:15:10","guid":{"rendered":"https:\/\/doingarrival.com\/impressum\/"},"modified":"2026-03-13T09:36:17","modified_gmt":"2026-03-13T09:36:17","slug":"impressum","status":"publish","type":"page","link":"https:\/\/doingarrival.com\/fr\/impressum\/","title":{"rendered":"Mentions l\u00e9gales"},"content":{"rendered":"<div class=\"wp-block-group alignfull is-style-ext-preset--group--natural-1--section has-background-background-color has-background has-global-padding is-layout-constrained wp-container-core-group-is-layout-6150fac0 wp-block-group-is-layout-constrained\" style=\"margin-top:0;margin-bottom:0;padding-top:var(--wp--preset--spacing--70);padding-bottom:var(--wp--preset--spacing--70)\">\n<p>Direction du projet<\/p>\n\n\n\n<p><strong>Dr. Claudia Ba<\/strong><br>Chercheuse<br>Technische Universit\u00e4t Darmstadt<br>Institut f\u00fcr Soziologie<br>Stadt- und Raumsoziologie<br>Geb\u00e4ude S3|13, Raum 310<br>Residenzschloss 1, 64283 Darmstadt<br>Telefon +49 6151 16 57344<br>E-Mail: <a href=\"mailto:ba@ifs.tu-darmstadt.de\" target=\"_blank\" rel=\"noopener\" title=\"\">ba@ifs.tu-darmstadt.de<\/a> <br><br><a href=\"https:\/\/www.ifs.tu-darmstadt.de\/institut_ifs\/fachgebiete_ifs\/stadt_und_raumsoziologie_ifs\/forschung_4\/doing_arrival\/doing_arrival.de.jsp\" target=\"_blank\" rel=\"noopener\" title=\"\">Site web de l'institut (DE\/EN)<\/a><br><a href=\"https:\/\/gepris.dfg.de\/gepris\/projekt\/553210699?context=projekt&amp;task=showDetail&amp;id=553210699&amp;\" target=\"_blank\" rel=\"noopener\" title=\"\">DFG-Gepris-Datenbank (DE\/EN)<\/a> <br><a href=\"https:\/\/doingarrival.com\/fr\/\" title=\"\">Projektwebseite (DE\/EN\/FR) <\/a><br><\/p>\n\n\n\n<p>Financ\u00e9 par la Deutsche Forschungsgemeinschaft (DFG) \u2013 Num\u00e9ro de projet 553210699<\/p>\n\n\n\n<p><br> <strong>Letzte Aktualisierung:<\/strong><br> (13.03.2026)<\/p>\n<\/div>","protected":false},"excerpt":{"rendered":"<p>Projektleitung Dr. Claudia BaWissenschaftliche MitarbeiterinTechnische Universit\u00e4t DarmstadtInstitut f\u00fcr SoziologieStadt- und RaumsoziologieGeb\u00e4ude S3|13, Raum 310Residenzschloss 1, 64283 DarmstadtTelefon +49 6151 16 57344E-Mail: ba@ifs.tu-darmstadt.de Institutswebseite (DE\/EN)DFG-Gepris-Datenbank (DE\/EN) Projektwebseite (DE\/EN\/FR) Gef\u00f6rdert durch die Deutsche Forschungsgemeinschaft (DFG) &#8211; Projektnummer 553210699 Letzte Aktualisierung: (13.03.2026)<\/p>","protected":false},"author":1,"featured_media":0,"parent":0,"menu_order":0,"comment_status":"closed","ping_status":"closed","template":"page-with-title","meta":{"footnotes":""},"class_list":["post-30","page","type-page","status-publish","hentry"],"aioseo_notices":[],"_links":{"self":[{"href":"https:\/\/doingarrival.com\/fr\/wp-json\/wp\/v2\/pages\/30","targetHints":{"allow":["GET"]}}],"collection":[{"href":"https:\/\/doingarrival.com\/fr\/wp-json\/wp\/v2\/pages"}],"about":[{"href":"https:\/\/doingarrival.com\/fr\/wp-json\/wp\/v2\/types\/page"}],"author":[{"embeddable":true,"href":"https:\/\/doingarrival.com\/fr\/wp-json\/wp\/v2\/users\/1"}],"replies":[{"embeddable":true,"href":"https:\/\/doingarrival.com\/fr\/wp-json\/wp\/v2\/comments?post=30"}],"version-history":[{"count":4,"href":"https:\/\/doingarrival.com\/fr\/wp-json\/wp\/v2\/pages\/30\/revisions"}],"predecessor-version":[{"id":213,"href":"https:\/\/doingarrival.com\/fr\/wp-json\/wp\/v2\/pages\/30\/revisions\/213"}],"wp:attachment":[{"href":"https:\/\/doingarrival.com\/fr\/wp-json\/wp\/v2\/media?parent=30"}],"curies":[{"name":"wp","href":"https:\/\/api.w.org\/{rel}","templated":true}]}}