{"id":24,"date":"2026-02-25T13:15:04","date_gmt":"2026-02-25T13:15:04","guid":{"rendered":"https:\/\/doingarrival.com\/portfolio\/"},"modified":"2026-03-13T09:35:09","modified_gmt":"2026-03-13T09:35:09","slug":"portfolio","status":"publish","type":"page","link":"https:\/\/doingarrival.com\/fr\/portfolio\/","title":{"rendered":"Projet de recherche"},"content":{"rendered":"<div class=\"wp-block-group alignfull is-style-ext-preset--group--natural-1--section has-background-background-color has-background has-global-padding is-layout-constrained wp-container-core-group-is-layout-e955bbaf wp-block-group-is-layout-constrained\" id=\"veranstaltungen\" style=\"margin-top:0;margin-bottom:0;padding-top:var(--wp--preset--spacing--70);padding-bottom:var(--wp--preset--spacing--70)\">\n<div class=\"wp-block-group alignwide ext-is-logical-start has-global-padding is-content-justification-left is-layout-constrained wp-container-core-group-is-layout-20186816 wp-block-group-is-layout-constrained\">\n<h2 class=\"wp-block-heading ext-animate--on\">Description d\u00e9taill\u00e9e du projet <\/h2>\n\n\n\n<p class=\"ext-animate--on\">L'orientation joue un r\u00f4le central dans les d\u00e9bats sociaux et politiques, mais elle est rarement \u00e9tudi\u00e9e dans un contexte social et spatial concret. En particulier, les strat\u00e9gies d'orientation des minorit\u00e9s ethniques \u00e0 leur arriv\u00e9e dans de nouvelles villes n'ont jusqu'\u00e0 pr\u00e9sent gu\u00e8re fait l'objet de recherches syst\u00e9matiques. Ce projet s'int\u00e9resse donc aux \u00ab nouveaux arrivants \u00bb \u2013 des ressortissants s\u00e9n\u00e9galais \u00e0 Fribourg et des ressortissants allemands \u00e0 Saint-Louis \u2013 lors de leur arriv\u00e9e r\u00e9cente dans des villes de taille moyenne. L'objectif est d'analyser leurs pratiques d'orientation en relation avec des espaces socialement construits.<\/p>\n\n\n\n<p>Sur le plan m\u00e9thodologique, nous combinons des approches ethnographiques, des entretiens qualitatifs et des accompagnements film\u00e9s. Les s\u00e9quences vid\u00e9o sont ensuite analys\u00e9es et valid\u00e9es avec les participants lors de s\u00e9ances d'\u00e9valuation.<\/p>\n\n\n\n<p>Sur cette base, le projet \u00e9labore un concept d'orientation fond\u00e9 sur des donn\u00e9es empiriques, qui tient compte de la complexit\u00e9 r\u00e9elle de l'arriv\u00e9e ainsi que des subjectivations. Une question centrale est de savoir comment les nouveaux arrivants s'orientent en fonction de leur sexe, de leur \u00e2ge, de leur socialisation, de leurs ressources et des contextes m\u00e9diatiques. Il est ainsi possible d'en d\u00e9duire des recommandations d'action pour les structures d'accompagnement destin\u00e9es aux minorit\u00e9s.<\/p>\n\n\n\n<p class=\"ext-animate--on\">Ces analyses sont approfondies en \u00e9troite collaboration avec le Mercator Fellow, le Dr Abdourahmane Seck, de l'Universit\u00e9 Gaston Berger. Les \u00e9changes ont lieu alternativement \u00e0 l'Universit\u00e9 technique de Darmstadt et \u00e0 l'Universit\u00e9 Gaston Berger et contribuent au transfert scientifique entre le S\u00e9n\u00e9gal et l'Allemagne.<\/p>\n\n\n\n<p class=\"translation-block\"><a href=\"https:\/\/gepris.dfg.de\/gepris\/projekt\/553210699\" target=\"_blank\" rel=\"noopener\" title=\"\">Financ\u00e9 par la Communaut\u00e9 allemande de recherche (DFG) \u2013 Num\u00e9ro de projet 553210699 Financement du projet du 1er f\u00e9vrier 2026 au 31 janvier 2030<\/p>\n<\/div>\n<\/div>","protected":false},"excerpt":{"rendered":"<p>Detaillierte Projektbeschreibung Orientierung spielt eine zentrale Rolle in gesellschaftlichen und politischen Debatten, wird jedoch selten im konkreten sozialen und r\u00e4umlichen Kontext untersucht. Insbesondere das Orientierungshandeln ethnischer Minderheiten beim Ankommen in neuen St\u00e4dten ist bislang kaum systematisch erforscht. Das Projekt untersucht daher sogenannte New Arrivals \u2013 senegalesische Staatsangeh\u00f6rige in Freiburg und deutsche Staatsangeh\u00f6rige in Saint-Louis \u2013 [&hellip;]<\/p>\n","protected":false},"author":1,"featured_media":0,"parent":0,"menu_order":0,"comment_status":"closed","ping_status":"closed","template":"page-with-title","meta":{"footnotes":""},"class_list":["post-24","page","type-page","status-publish","hentry"],"aioseo_notices":[],"_links":{"self":[{"href":"https:\/\/doingarrival.com\/fr\/wp-json\/wp\/v2\/pages\/24","targetHints":{"allow":["GET"]}}],"collection":[{"href":"https:\/\/doingarrival.com\/fr\/wp-json\/wp\/v2\/pages"}],"about":[{"href":"https:\/\/doingarrival.com\/fr\/wp-json\/wp\/v2\/types\/page"}],"author":[{"embeddable":true,"href":"https:\/\/doingarrival.com\/fr\/wp-json\/wp\/v2\/users\/1"}],"replies":[{"embeddable":true,"href":"https:\/\/doingarrival.com\/fr\/wp-json\/wp\/v2\/comments?post=24"}],"version-history":[{"count":10,"href":"https:\/\/doingarrival.com\/fr\/wp-json\/wp\/v2\/pages\/24\/revisions"}],"predecessor-version":[{"id":211,"href":"https:\/\/doingarrival.com\/fr\/wp-json\/wp\/v2\/pages\/24\/revisions\/211"}],"wp:attachment":[{"href":"https:\/\/doingarrival.com\/fr\/wp-json\/wp\/v2\/media?parent=24"}],"curies":[{"name":"wp","href":"https:\/\/api.w.org\/{rel}","templated":true}]}}