{"id":23,"date":"2026-02-25T13:15:04","date_gmt":"2026-02-25T13:15:04","guid":{"rendered":"https:\/\/doingarrival.com\/galerie\/"},"modified":"2026-03-13T10:44:45","modified_gmt":"2026-03-13T10:44:45","slug":"galerie","status":"publish","type":"page","link":"https:\/\/doingarrival.com\/fr\/galerie\/","title":{"rendered":"Notre \u00c9quipe"},"content":{"rendered":"<div class=\"wp-block-group alignfull is-style-ext-preset--group--natural-1--section has-background-background-color has-background has-global-padding is-layout-constrained wp-container-core-group-is-layout-f72f1611 wp-block-group-is-layout-constrained\" id=\"galerie\" style=\"margin-top:0;margin-bottom:0;padding-top:var(--wp--preset--spacing--70);padding-bottom:var(--wp--preset--spacing--70)\">\n<div class=\"wp-block-group alignwide ext-is-logical-start has-global-padding is-content-justification-left is-layout-constrained wp-container-core-group-is-layout-6729bdbe wp-block-group-is-layout-constrained\">\n<div class=\"wp-block-group is-nowrap is-layout-flex wp-container-core-group-is-layout-6c531013 wp-block-group-is-layout-flex\">\n<h3 class=\"wp-block-heading ext-animate--on\">Dr. Claudia Ba, Responsable de Projet<\/h3>\n<\/div>\n\n\n\n<div class=\"wp-block-group is-nowrap is-layout-flex wp-container-core-group-is-layout-6c531013 wp-block-group-is-layout-flex\">\n<p class=\"has-text-align-left ext-animate--on translation-block\">En tant que chercheuse principale, je dirige depuis le 1er f\u00e9vrier 2026 le projet de recherche quadriennal \u00ab Doing Arrival \u00bb financ\u00e9 par la DFG (Fondation allemande pour la recherche). Auparavant, j'\u00e9tais assistante de recherche dans le domaine de la sociologie urbaine et spatiale \u00e0 l'universit\u00e9 technique de Darmstadt (2022-2026). Dipl\u00f4m\u00e9e en sciences culturelles et titulaire d'un doctorat en sociologie, mes recherches portent principalement sur les m\u00e9thodes qualitatives visuelles, la recherche urbaine et spatiale ainsi que la recherche sur les in\u00e9galit\u00e9s.  \n<br><br>\nCliquez ici pour acc\u00e9der \u00e0 ma <a>page personnelle sur le site web de l'Institut de sociologie de l'Universit\u00e9 technique de Darmstadt. \n<br>\nSuivez-moi sur <a href=\"\/\/www.researchgate.net\/\">ResearchGate<\/a>. <br><\/p>\n<\/div>\n<\/div>\n<\/div>\n\n\n\n<div class=\"wp-block-group alignfull is-style-ext-preset--group--natural-1--section has-tertiary-background-color has-background has-global-padding is-layout-constrained wp-container-core-group-is-layout-e955bbaf wp-block-group-is-layout-constrained\" id=\"veranstaltungen\" style=\"margin-top:0;margin-bottom:0;padding-top:var(--wp--preset--spacing--70);padding-bottom:var(--wp--preset--spacing--70)\">\n<div class=\"wp-block-group alignwide ext-is-logical-start has-global-padding is-content-justification-left is-layout-constrained wp-container-core-group-is-layout-20186816 wp-block-group-is-layout-constrained\">\n<h3 class=\"wp-block-heading ext-animate--on\">Dr. Abdourahmane Seck, Mercator Fellow<\/h3>\n\n\n\n<p>Universit\u00e9 Gaston-Berger, Saint-Louis, S\u00e9n\u00e9gal<br>Department Civilisation, R\u00e9ligion, Arts et Communication (CRAC)<br>Section Centre d\u2019\u00e9tude des religions (CER)<br><a href=\"https:\/\/www9.ugb.sn\/crac\/index.php\/component\/content\/article\/90-crac\/174-profil-dr-abdourahmane-seck\" target=\"_blank\" rel=\"noopener\" title=\"\">Site web de l'institut<\/a><\/p>\n\n\n\n<p class=\"ext-animate--on\">E-Mail: <a href=\"mailto:abdourahmane.seck@ugb.edu.sn\">abdourahmane.seck@ugb.edu.sn<\/a><\/p>\n<\/div>\n<\/div>\n\n\n\n<div class=\"wp-block-group alignfull is-style-ext-preset--group--natural-1--section has-background-background-color has-background has-global-padding is-layout-constrained wp-block-group-is-layout-constrained\" id=\"ueber-uns\" style=\"margin-top:0;margin-bottom:0;padding-top:var(--wp--preset--spacing--70);padding-bottom:var(--wp--preset--spacing--70)\">\n<div class=\"wp-block-columns alignwide are-vertically-aligned-center is-layout-flex wp-container-core-columns-is-layout-174606dc wp-block-columns-is-layout-flex\">\n<div class=\"wp-block-column is-vertically-aligned-center is-layout-flow wp-block-column-is-layout-flow\">\n<h3 class=\"wp-block-heading ext-animate--on\">Felicia Patzelt, \u00e9tudiante assistante<\/h3>\n\n\n\n<p class=\"ext-animate--on\" style=\"margin-top:1.5rem\"><a href=\"https:\/\/www.ifs.tu-darmstadt.de\/institut_ifs\/fachgebiete_ifs\/stadt_und_raumsoziologie_ifs\/forschung_4\/doing_arrival\/doing_arrival.de.jsp\" target=\"_blank\" rel=\"noopener\" title=\"\">Site web de l'institut<\/a> <br>E-Mail: hiwi-doingarrival@ifs.tu-darmstadt.de<\/p>\n<\/div>\n<\/div>\n<\/div>","protected":false},"excerpt":{"rendered":"<p>Dr. Claudia Ba, Projektleitung Als Principal Investigator leite ich das vierj\u00e4hrige DFG-Forschungsprojekt &#8222;Doing Arrival&#8220; seit 1.02.2026. Zuvor war ich wissenschaftliche Mitarbeiterin am Fachgebiet der Stadt- und Raumsoziologie der Technischen Universit\u00e4t Darmstadt (2022-2026). Als studierte Kulturwissenschaftlerin und promovierte Soziologin liegen meine Forschungsschwerpunkt auf visuellen qualitativen Methoden, der Stadt- und Raumforschung sowie Ungleichheitsforschung. Hier geht es zu [&hellip;]<\/p>\n","protected":false},"author":1,"featured_media":0,"parent":0,"menu_order":0,"comment_status":"closed","ping_status":"closed","template":"page-with-title","meta":{"footnotes":""},"class_list":["post-23","page","type-page","status-publish","hentry"],"aioseo_notices":[],"_links":{"self":[{"href":"https:\/\/doingarrival.com\/fr\/wp-json\/wp\/v2\/pages\/23","targetHints":{"allow":["GET"]}}],"collection":[{"href":"https:\/\/doingarrival.com\/fr\/wp-json\/wp\/v2\/pages"}],"about":[{"href":"https:\/\/doingarrival.com\/fr\/wp-json\/wp\/v2\/types\/page"}],"author":[{"embeddable":true,"href":"https:\/\/doingarrival.com\/fr\/wp-json\/wp\/v2\/users\/1"}],"replies":[{"embeddable":true,"href":"https:\/\/doingarrival.com\/fr\/wp-json\/wp\/v2\/comments?post=23"}],"version-history":[{"count":9,"href":"https:\/\/doingarrival.com\/fr\/wp-json\/wp\/v2\/pages\/23\/revisions"}],"predecessor-version":[{"id":215,"href":"https:\/\/doingarrival.com\/fr\/wp-json\/wp\/v2\/pages\/23\/revisions\/215"}],"wp:attachment":[{"href":"https:\/\/doingarrival.com\/fr\/wp-json\/wp\/v2\/media?parent=23"}],"curies":[{"name":"wp","href":"https:\/\/api.w.org\/{rel}","templated":true}]}}