{"id":22,"date":"2026-02-25T13:15:04","date_gmt":"2026-02-25T13:15:04","guid":{"rendered":"https:\/\/doingarrival.com\/kontakt\/"},"modified":"2026-02-26T20:32:56","modified_gmt":"2026-02-26T20:32:56","slug":"kontakt","status":"publish","type":"page","link":"https:\/\/doingarrival.com\/fr\/kontakt\/","title":{"rendered":"Contact"},"content":{"rendered":"<div class=\"wp-block-group alignfull is-style-ext-preset--group--natural-1--section has-background-background-color has-background has-global-padding is-layout-constrained wp-block-group-is-layout-constrained\" id=\"kontakt\" style=\"margin-top:0;margin-bottom:0;padding-top:var(--wp--preset--spacing--70);padding-bottom:var(--wp--preset--spacing--70)\">\n<div class=\"wp-block-media-text alignwide is-stacked-on-mobile is-image-fill-element is-style-ext-preset--media-text--natural-1--card-1  has-tertiary-background-color has-background is-style-ext-preset--media-text--natural-1--card-1--2\" style=\"grid-template-columns:48% auto\"><figure class=\"wp-block-media-text__media\"><a href=\"https:\/\/www.ifs.tu-darmstadt.de\/institut_ifs\/fachgebiete_ifs\/stadt_und_raumsoziologie_ifs\/forschung_4\/doing_arrival\/doing_arrival.de.jsp\"><img loading=\"lazy\" decoding=\"async\" width=\"1024\" height=\"535\" src=\"https:\/\/doingarrival.com\/wp-content\/uploads\/2026\/02\/streitfall-zivilklausel-1024x535.jpg\" alt=\"\" class=\"wp-image-66 size-large\" style=\"object-position:0% 57%\" srcset=\"https:\/\/doingarrival.com\/wp-content\/uploads\/2026\/02\/streitfall-zivilklausel-1024x535.jpg 1024w, https:\/\/doingarrival.com\/wp-content\/uploads\/2026\/02\/streitfall-zivilklausel-300x157.jpg 300w, https:\/\/doingarrival.com\/wp-content\/uploads\/2026\/02\/streitfall-zivilklausel-768x401.jpg 768w, https:\/\/doingarrival.com\/wp-content\/uploads\/2026\/02\/streitfall-zivilklausel-18x9.jpg 18w, https:\/\/doingarrival.com\/wp-content\/uploads\/2026\/02\/streitfall-zivilklausel.jpg 1200w\" sizes=\"auto, (max-width: 1024px) 100vw, 1024px\" \/><\/a><\/figure><div class=\"wp-block-media-text__content\">\n<div class=\"wp-block-group alignwide has-global-padding is-layout-constrained wp-container-core-group-is-layout-48493932 wp-block-group-is-layout-constrained\" style=\"padding-top:var(--wp--preset--spacing--55);padding-right:var(--wp--preset--spacing--55);padding-bottom:var(--wp--preset--spacing--55);padding-left:var(--wp--preset--spacing--55)\">\n<pre class=\"wp-block-preformatted has-archivo-font-family has-small-font-size\"><strong>Dr. Claudia Ba<\/strong><br>Chercheuse<br>Technische Universit\u00e4t Darmstadt<br>Institut f\u00fcr Soziologie<br>Stadt- und Raumsoziologie<br>Geb\u00e4ude S3|13, Raum 310<br>Residenzschloss 1, 64283 Darmstadt<br>Telefon +49 6151 16 57344<br>E-Mail: <a href=\"mailto:ba@ifs.tu-darmstadt.de\" target=\"_blank\" rel=\"noopener\" title=\"\">ba@ifs.tu-darmstadt.de<\/a> <br><br><a href=\"https:\/\/www.ifs.tu-darmstadt.de\/institut_ifs\/fachgebiete_ifs\/stadt_und_raumsoziologie_ifs\/forschung_4\/doing_arrival\/doing_arrival.de.jsp\" target=\"_blank\" rel=\"noopener\" title=\"\">Site web de l'institut (DE\/EN)<\/a><br><a href=\"https:\/\/gepris.dfg.de\/gepris\/projekt\/553210699?context=projekt&amp;task=showDetail&amp;id=553210699&amp;\" target=\"_blank\" rel=\"noopener\" title=\"\">DFG-Gepris-Datenbank (DE\/EN)<\/a>  <br><a href=\"https:\/\/doingarrival.com\/fr\/\" title=\"\">Projektwebseite (DE\/EN\/FR)  <\/a><\/pre>\n<\/div>\n<\/div><\/div>\n<\/div>","protected":false},"excerpt":{"rendered":"<p>Dr. Claudia BaWissenschaftliche MitarbeiterinTechnische Universit\u00e4t DarmstadtInstitut f\u00fcr SoziologieStadt- und RaumsoziologieGeb\u00e4ude S3|13, Raum 310Residenzschloss 1, 64283 DarmstadtTelefon +49 6151 16 57344E-Mail: ba@ifs.tu-darmstadt.de Institutswebseite (DE\/EN)DFG-Gepris-Datenbank (DE\/EN) Projektwebseite (DE\/EN\/FR)<\/p>","protected":false},"author":1,"featured_media":0,"parent":0,"menu_order":0,"comment_status":"closed","ping_status":"closed","template":"page-with-title","meta":{"footnotes":""},"class_list":["post-22","page","type-page","status-publish","hentry"],"aioseo_notices":[],"_links":{"self":[{"href":"https:\/\/doingarrival.com\/fr\/wp-json\/wp\/v2\/pages\/22","targetHints":{"allow":["GET"]}}],"collection":[{"href":"https:\/\/doingarrival.com\/fr\/wp-json\/wp\/v2\/pages"}],"about":[{"href":"https:\/\/doingarrival.com\/fr\/wp-json\/wp\/v2\/types\/page"}],"author":[{"embeddable":true,"href":"https:\/\/doingarrival.com\/fr\/wp-json\/wp\/v2\/users\/1"}],"replies":[{"embeddable":true,"href":"https:\/\/doingarrival.com\/fr\/wp-json\/wp\/v2\/comments?post=22"}],"version-history":[{"count":5,"href":"https:\/\/doingarrival.com\/fr\/wp-json\/wp\/v2\/pages\/22\/revisions"}],"predecessor-version":[{"id":126,"href":"https:\/\/doingarrival.com\/fr\/wp-json\/wp\/v2\/pages\/22\/revisions\/126"}],"wp:attachment":[{"href":"https:\/\/doingarrival.com\/fr\/wp-json\/wp\/v2\/media?parent=22"}],"curies":[{"name":"wp","href":"https:\/\/api.w.org\/{rel}","templated":true}]}}