{"id":171,"date":"2026-03-13T08:26:56","date_gmt":"2026-03-13T08:26:56","guid":{"rendered":"https:\/\/doingarrival.com\/?page_id=171"},"modified":"2026-03-16T08:54:34","modified_gmt":"2026-03-16T08:54:34","slug":"teilnehmende-gesucht","status":"publish","type":"page","link":"https:\/\/doingarrival.com\/fr\/teilnehmende-gesucht\/","title":{"rendered":"Nous recherchons des personnes int\u00e9ress\u00e9es pour participer \u00e0 cette \u00e9tude"},"content":{"rendered":"<div class=\"wp-block-group alignfull is-style-ext-preset--group--natural-1--section has-background-background-color has-background has-global-padding is-layout-constrained wp-container-core-group-is-layout-6714b1d7 wp-block-group-is-layout-constrained\" style=\"margin-top:0;margin-bottom:0;padding-top:var(--wp--preset--spacing--70);padding-bottom:var(--wp--preset--spacing--70)\">\n<h2 class=\"wp-block-heading alignwide has-text-align-center ext-animate--on translation-block\">Nous vous invitons \u00e0 participer \u00e0 notre projet de recherche sur les actions d'orientation lors de l'arriv\u00e9e \u00e0 Fribourg.<\/h2>\n\n\n\n<div class=\"wp-block-group alignwide has-global-padding is-layout-constrained wp-block-group-is-layout-constrained\">\n<details class=\"wp-block-details alignfull is-layout-flow wp-block-details-is-layout-flow\"><summary>Cette page pr\u00e9sente notre projet de recherche sur l'arriv\u00e9e des minorit\u00e9s et invite les personnes int\u00e9ress\u00e9es \u00e0 s'engager en tant que participants \u00e0 l'\u00e9tude ou partenaires. Vous trouverez \u00e9galement ici nos appels \u00e0 participation sous forme de fichiers PDF t\u00e9l\u00e9chargeables en quatre langues. Vous pouvez ainsi les partager facilement et les transmettre aux personnes int\u00e9ress\u00e9es. <br><br>Votre participation est volontaire et repose sur une d\u00e9claration de consentement \u00e9crite. L'enqu\u00eate se d\u00e9roule en trois phases et s'appuie sur des m\u00e9thodes qualitatives de recherche sociale, sur lesquelles vous trouverez ici de plus amples informations.<\/summary>\n<p><\/p>\n<\/details>\n\n\n\n<p class=\"has-text-align-left ext-animate--on\" style=\"margin-top:1.5rem\"><\/p>\n<\/div>\n\n\n\n<div class=\"wp-block-columns alignwide is-layout-flex wp-container-core-columns-is-layout-28f84493 wp-block-columns-is-layout-flex\">\n<div class=\"wp-block-column ext-animate--on is-layout-flow wp-block-column-is-layout-flow\">\n<div class=\"wp-block-cover\"><img loading=\"lazy\" decoding=\"async\" width=\"760\" height=\"504\" class=\"wp-block-cover__image-background wp-image-173\" alt=\"\" src=\"https:\/\/doingarrival.com\/wp-content\/uploads\/2026\/03\/WR103-_-Introduction-to-creative-writing.webp\" data-object-fit=\"cover\" srcset=\"https:\/\/doingarrival.com\/wp-content\/uploads\/2026\/03\/WR103-_-Introduction-to-creative-writing.webp 760w, https:\/\/doingarrival.com\/wp-content\/uploads\/2026\/03\/WR103-_-Introduction-to-creative-writing-300x199.webp 300w, https:\/\/doingarrival.com\/wp-content\/uploads\/2026\/03\/WR103-_-Introduction-to-creative-writing-18x12.webp 18w\" sizes=\"auto, (max-width: 760px) 100vw, 760px\" \/><span aria-hidden=\"true\" class=\"wp-block-cover__background has-background-dim\"><\/span><div class=\"wp-block-cover__inner-container is-layout-flow wp-block-cover-is-layout-flow\">\n<pre class=\"wp-block-verse\">Premi\u00e8re enqu\u00eate : \nfaire connaissance<\/pre>\n\n\n\n<ul class=\"wp-block-list\">\n<li class=\"translation-block\">Faire connaissance Entretien informel<\/li>\n\n\n\n<li>Accompagner au quotidien<\/li>\n\n\n\n<li>En cas d'ajustement : dessin d'une<br>D\u00e9claration de consentement<br><\/li>\n<\/ul>\n<\/div><\/div>\n<\/div>\n\n\n\n<div class=\"wp-block-column ext-animate--on is-layout-flow wp-block-column-is-layout-flow\">\n<div class=\"wp-block-cover\"><img loading=\"lazy\" decoding=\"async\" width=\"1024\" height=\"683\" class=\"wp-block-cover__image-background wp-image-174\" alt=\"\" src=\"https:\/\/doingarrival.com\/wp-content\/uploads\/2026\/03\/pexels-photo-4793182-1024x683.jpeg\" data-object-fit=\"cover\" srcset=\"https:\/\/doingarrival.com\/wp-content\/uploads\/2026\/03\/pexels-photo-4793182-1024x683.jpeg 1024w, https:\/\/doingarrival.com\/wp-content\/uploads\/2026\/03\/pexels-photo-4793182-300x200.jpeg 300w, https:\/\/doingarrival.com\/wp-content\/uploads\/2026\/03\/pexels-photo-4793182-768x512.jpeg 768w, https:\/\/doingarrival.com\/wp-content\/uploads\/2026\/03\/pexels-photo-4793182-1536x1024.jpeg 1536w, https:\/\/doingarrival.com\/wp-content\/uploads\/2026\/03\/pexels-photo-4793182-2048x1365.jpeg 2048w, https:\/\/doingarrival.com\/wp-content\/uploads\/2026\/03\/pexels-photo-4793182-18x12.jpeg 18w\" sizes=\"auto, (max-width: 1024px) 100vw, 1024px\" \/><span aria-hidden=\"true\" class=\"wp-block-cover__background has-background-dim\"><\/span><div class=\"wp-block-cover__inner-container is-layout-flow wp-block-cover-is-layout-flow\">\n<pre class=\"wp-block-verse\">Deuxi\u00e8me enqu\u00eate : promenade collective en ville film\u00e9e \u00e0 l'aide de cam\u00e9ras vid\u00e9o <br>Videografierter Go Along<\/pre>\n\n\n\n<ul class=\"wp-block-list\">\n<li>Choisir une visite guid\u00e9e de Fribourg<\/li>\n\n\n\n<li>La promenade est film\u00e9e par des cam\u00e9ras vid\u00e9o <\/li>\n<\/ul>\n<\/div><\/div>\n<\/div>\n\n\n\n<div class=\"wp-block-column ext-animate--on is-layout-flow wp-block-column-is-layout-flow\">\n<div class=\"wp-block-cover\"><img loading=\"lazy\" decoding=\"async\" width=\"1024\" height=\"683\" class=\"wp-block-cover__image-background wp-image-175\" alt=\"\" src=\"https:\/\/doingarrival.com\/wp-content\/uploads\/2026\/03\/pexels-photo-5676666-1024x683.jpeg\" data-object-fit=\"cover\" srcset=\"https:\/\/doingarrival.com\/wp-content\/uploads\/2026\/03\/pexels-photo-5676666-1024x683.jpeg 1024w, https:\/\/doingarrival.com\/wp-content\/uploads\/2026\/03\/pexels-photo-5676666-300x200.jpeg 300w, https:\/\/doingarrival.com\/wp-content\/uploads\/2026\/03\/pexels-photo-5676666-768x512.jpeg 768w, https:\/\/doingarrival.com\/wp-content\/uploads\/2026\/03\/pexels-photo-5676666-1536x1024.jpeg 1536w, https:\/\/doingarrival.com\/wp-content\/uploads\/2026\/03\/pexels-photo-5676666-2048x1365.jpeg 2048w, https:\/\/doingarrival.com\/wp-content\/uploads\/2026\/03\/pexels-photo-5676666-18x12.jpeg 18w\" sizes=\"auto, (max-width: 1024px) 100vw, 1024px\" \/><span aria-hidden=\"true\" class=\"wp-block-cover__background has-background-dim\"><\/span><div class=\"wp-block-cover__inner-container is-layout-flow wp-block-cover-is-layout-flow\">\n<pre class=\"wp-block-verse\">Troisi\u00e8me enqu\u00eate : \ndiscussion commune sur des s\u00e9quences vid\u00e9o s\u00e9lectionn\u00e9es <\/pre>\n\n\n\n<ul class=\"wp-block-list\">\n<li>Nous vous pr\u00e9sentons nos premiers r\u00e9sultats d'analyse \u00e0 partir d'extraits vid\u00e9o s\u00e9lectionn\u00e9s<\/li>\n\n\n\n<li>Nous discuterons ensemble des r\u00e9sultats<\/li>\n<\/ul>\n<\/div><\/div>\n<\/div>\n<\/div>\n<\/div>\n\n\n\n<div class=\"wp-block-group alignfull is-style-ext-preset--group--natural-1--section has-tertiary-background-color has-background has-global-padding is-layout-constrained wp-container-core-group-is-layout-e96f6837 wp-block-group-is-layout-constrained\" style=\"margin-top:0;margin-bottom:0;padding-top:0;padding-right:0;padding-bottom:0;padding-left:0\">\n<details class=\"wp-block-details alignwide is-layout-flow wp-block-details-is-layout-flow\"><summary>Vous trouverez ici l'appel \u00e0 participation \u00e0 l'\u00e9tude men\u00e9e \u00e0 Fribourg, disponible en t\u00e9l\u00e9chargement en quatre langues (allemand, fran\u00e7ais, anglais et wolof).<\/summary>\n<p><\/p>\n<\/details>\n\n\n\n<div class=\"wp-block-group has-global-padding is-content-justification-left is-layout-constrained wp-container-core-group-is-layout-12dd3699 wp-block-group-is-layout-constrained\">\n<div data-wp-interactive=\"core\/file\" class=\"wp-block-file\"><object data-wp-bind--hidden=\"!state.hasPdfPreview\" hidden class=\"wp-block-file__embed\" data=\"https:\/\/doingarrival.com\/wp-content\/uploads\/2026\/03\/DE_Aufruf-zur-Teilnahme-an-der-Studie_DoingArrival.pdf\" type=\"application\/pdf\" style=\"width:100%;height:600px\" aria-label=\"Contenu embarqu\u00e9 DE_Aufruf zur Teilnahme an der Studie_DoingArrival.\"><\/object><a id=\"wp-block-file--media-5895142e-d245-40af-b434-b80c3ecc1d33\" href=\"https:\/\/doingarrival.com\/wp-content\/uploads\/2026\/03\/DE_Aufruf-zur-Teilnahme-an-der-Studie_DoingArrival.pdf\">DE_Aufruf zur Teilnahme an der Studie_DoingArrival<\/a><a href=\"https:\/\/doingarrival.com\/wp-content\/uploads\/2026\/03\/DE_Aufruf-zur-Teilnahme-an-der-Studie_DoingArrival.pdf\" class=\"wp-block-file__button wp-element-button\" download aria-describedby=\"wp-block-file--media-5895142e-d245-40af-b434-b80c3ecc1d33\">Herunterladen<\/a><\/div>\n<\/div>\n\n\n\n<div data-wp-interactive=\"core\/file\" class=\"wp-block-file\"><object data-wp-bind--hidden=\"!state.hasPdfPreview\" hidden class=\"wp-block-file__embed\" data=\"https:\/\/doingarrival.com\/wp-content\/uploads\/2026\/03\/FR_AppelaParticipation_DoingArrival.pdf\" type=\"application\/pdf\" style=\"width:100%;height:600px\" aria-label=\"Contenu embarqu\u00e9 FR_Appel\u00e0Participation_DoingArrival.\"><\/object><a id=\"wp-block-file--media-5298ff96-9761-4878-a830-88e0a7d26df8\" href=\"https:\/\/doingarrival.com\/wp-content\/uploads\/2026\/03\/FR_AppelaParticipation_DoingArrival.pdf\">FR_Appel\u00e0Participation_DoingArrival<\/a><a href=\"https:\/\/doingarrival.com\/wp-content\/uploads\/2026\/03\/FR_AppelaParticipation_DoingArrival.pdf\" class=\"wp-block-file__button wp-element-button\" download aria-describedby=\"wp-block-file--media-5298ff96-9761-4878-a830-88e0a7d26df8\">Herunterladen<\/a><\/div>\n\n\n\n<div data-wp-interactive=\"core\/file\" class=\"wp-block-file\"><object data-wp-bind--hidden=\"!state.hasPdfPreview\" hidden class=\"wp-block-file__embed\" data=\"https:\/\/doingarrival.com\/wp-content\/uploads\/2026\/03\/EN_Call-for-Participants_DoingArrival.pdf\" type=\"application\/pdf\" style=\"width:100%;height:600px\" aria-label=\"Contenu embarqu\u00e9 EN_Call for Participants_DoingArrival.\"><\/object><a id=\"wp-block-file--media-7b9d3f16-7963-43ba-b9a2-37a701d8ddcb\" href=\"https:\/\/doingarrival.com\/wp-content\/uploads\/2026\/03\/EN_Call-for-Participants_DoingArrival.pdf\">EN_Call for Participants_DoingArrival<\/a><a href=\"https:\/\/doingarrival.com\/wp-content\/uploads\/2026\/03\/EN_Call-for-Participants_DoingArrival.pdf\" class=\"wp-block-file__button wp-element-button\" download aria-describedby=\"wp-block-file--media-7b9d3f16-7963-43ba-b9a2-37a701d8ddcb\">Herunterladen<\/a><\/div>\n\n\n\n<div data-wp-interactive=\"core\/file\" class=\"wp-block-file\"><object data-wp-bind--hidden=\"!state.hasPdfPreview\" hidden class=\"wp-block-file__embed\" data=\"https:\/\/doingarrival.com\/wp-content\/uploads\/2026\/03\/WO_WutNiNuBokk_DoingArrival-1.pdf\" type=\"application\/pdf\" style=\"width:100%;height:600px\" aria-label=\"Contenu embarqu\u00e9 WO_WutNiNuBokk_DoingArrival.\"><\/object><a id=\"wp-block-file--media-844802c1-6ae8-4df8-953b-748bedba1c9e\" href=\"https:\/\/doingarrival.com\/wp-content\/uploads\/2026\/03\/WO_WutNiNuBokk_DoingArrival-1.pdf\">WO_WutNiNuBokk_DoingArrival<\/a><a href=\"https:\/\/doingarrival.com\/wp-content\/uploads\/2026\/03\/WO_WutNiNuBokk_DoingArrival-1.pdf\" class=\"wp-block-file__button wp-element-button\" download aria-describedby=\"wp-block-file--media-844802c1-6ae8-4df8-953b-748bedba1c9e\">Herunterladen<\/a><\/div>\n<\/div>\n\n\n\n<div class=\"wp-block-group alignfull is-style-ext-preset--group--natural-1--section ext-animate--off has-tertiary-background-color has-background has-global-padding is-layout-constrained wp-block-group-is-layout-constrained\" style=\"margin-top:0;margin-bottom:0;padding-top:var(--wp--preset--spacing--70);padding-bottom:var(--wp--preset--spacing--70)\">\n<div class=\"wp-block-media-text alignwide is-stacked-on-mobile is-image-fill-element is-style-ext-preset--media-text--natural-1--card-1 ext-animate--on has-background-background-color has-background is-style-ext-preset--media-text--natural-1--card-1--4\" style=\"grid-template-columns:48% auto\"><figure class=\"wp-block-media-text__media\"><img loading=\"lazy\" decoding=\"async\" width=\"650\" height=\"488\" src=\"https:\/\/doingarrival.com\/wp-content\/uploads\/2026\/02\/Freiburg_017.650.n.jpg\" alt=\"\" class=\"wp-image-58 size-full\" style=\"object-position:50% 50%\" srcset=\"https:\/\/doingarrival.com\/wp-content\/uploads\/2026\/02\/Freiburg_017.650.n.jpg 650w, https:\/\/doingarrival.com\/wp-content\/uploads\/2026\/02\/Freiburg_017.650.n-300x225.jpg 300w, https:\/\/doingarrival.com\/wp-content\/uploads\/2026\/02\/Freiburg_017.650.n-16x12.jpg 16w\" sizes=\"auto, (max-width: 650px) 100vw, 650px\" \/><\/figure><div class=\"wp-block-media-text__content\">\n<div class=\"wp-block-group alignwide ext-animate--off has-global-padding is-layout-constrained wp-container-core-group-is-layout-48493932 wp-block-group-is-layout-constrained\" style=\"padding-top:var(--wp--preset--spacing--55);padding-right:var(--wp--preset--spacing--55);padding-bottom:var(--wp--preset--spacing--55);padding-left:var(--wp--preset--spacing--55)\">\n<div class=\"wp-block-contact-form-7-contact-form-selector\">\n<div class=\"wpcf7 no-js\" id=\"wpcf7-f21-o1\" lang=\"de-DE\" dir=\"ltr\" data-wpcf7-id=\"21\">\n<div class=\"screen-reader-response\"><p role=\"status\" aria-live=\"polite\" aria-atomic=\"true\"><\/p> <ul><\/ul><\/div>\n<form action=\"\/fr\/wp-json\/wp\/v2\/pages\/171#wpcf7-f21-o1\" method=\"post\" class=\"wpcf7-form init\" aria-label=\"Kontaktformular\" novalidate=\"novalidate\" data-status=\"init\" data-trp-original-action=\"\/fr\/wp-json\/wp\/v2\/pages\/171#wpcf7-f21-o1\">\n<fieldset class=\"hidden-fields-container\"><input type=\"hidden\" name=\"_wpcf7\" value=\"21\" \/><input type=\"hidden\" name=\"_wpcf7_version\" value=\"6.1.5\" \/><input type=\"hidden\" name=\"_wpcf7_locale\" value=\"de_DE\" \/><input type=\"hidden\" name=\"_wpcf7_unit_tag\" value=\"wpcf7-f21-o1\" \/><input type=\"hidden\" name=\"_wpcf7_container_post\" value=\"0\" \/><input type=\"hidden\" name=\"_wpcf7_posted_data_hash\" value=\"\" \/>\n<\/fieldset>\n<p><label> Votre Nom<br \/>\n<span class=\"wpcf7-form-control-wrap\" data-name=\"your-name\"><input size=\"40\" maxlength=\"400\" class=\"wpcf7-form-control wpcf7-text wpcf7-validates-as-required\" autocomplete=\"name\" aria-required=\"true\" aria-invalid=\"false\" value=\"\" type=\"text\" name=\"your-name\" \/><\/span> <\/label>\n<\/p>\n<p><label> Deine E-Mail-Adresse<br \/>\n<span class=\"wpcf7-form-control-wrap\" data-name=\"your-email\"><input size=\"40\" maxlength=\"400\" class=\"wpcf7-form-control wpcf7-email wpcf7-validates-as-required wpcf7-text wpcf7-validates-as-email\" autocomplete=\"email\" aria-required=\"true\" aria-invalid=\"false\" value=\"\" type=\"email\" name=\"your-email\" \/><\/span> <\/label>\n<\/p>\n<p><label> Objet<br \/>\n<span class=\"wpcf7-form-control-wrap\" data-name=\"your-subject\"><input size=\"40\" maxlength=\"400\" class=\"wpcf7-form-control wpcf7-text wpcf7-validates-as-required\" aria-required=\"true\" aria-invalid=\"false\" value=\"\" type=\"text\" name=\"your-subject\" \/><\/span> <\/label>\n<\/p>\n<p><label> Votre message (facultatif)<br \/>\n<span class=\"wpcf7-form-control-wrap\" data-name=\"your-message\"><textarea cols=\"40\" rows=\"10\" maxlength=\"2000\" class=\"wpcf7-form-control wpcf7-textarea\" aria-invalid=\"false\" name=\"your-message\"><\/textarea><\/span> <\/label>\n<\/p>\n<p><input class=\"wpcf7-form-control wpcf7-submit has-spinner\" type=\"submit\" value=\"Envoyer\" \/>\n<\/p><div class=\"wpcf7-response-output\" aria-hidden=\"true\"><\/div>\n<input type=\"hidden\" name=\"trp-form-language\" value=\"fr\"\/><\/form>\n<\/div>\n<\/div>\n<\/div>\n<\/div><\/div>\n<\/div>","protected":false},"excerpt":{"rendered":"<p class=\"translation-block\">Nous vous invitons \u00e0 participer \u00e0 notre projet de recherche sur les actions d'orientation lors de l'arriv\u00e9e \u00e0 Fribourg.<\/p>","protected":false},"author":1,"featured_media":0,"parent":0,"menu_order":0,"comment_status":"closed","ping_status":"closed","template":"page-with-title","meta":{"footnotes":""},"class_list":["post-171","page","type-page","status-publish","hentry"],"aioseo_notices":[],"_links":{"self":[{"href":"https:\/\/doingarrival.com\/fr\/wp-json\/wp\/v2\/pages\/171","targetHints":{"allow":["GET"]}}],"collection":[{"href":"https:\/\/doingarrival.com\/fr\/wp-json\/wp\/v2\/pages"}],"about":[{"href":"https:\/\/doingarrival.com\/fr\/wp-json\/wp\/v2\/types\/page"}],"author":[{"embeddable":true,"href":"https:\/\/doingarrival.com\/fr\/wp-json\/wp\/v2\/users\/1"}],"replies":[{"embeddable":true,"href":"https:\/\/doingarrival.com\/fr\/wp-json\/wp\/v2\/comments?post=171"}],"version-history":[{"count":13,"href":"https:\/\/doingarrival.com\/fr\/wp-json\/wp\/v2\/pages\/171\/revisions"}],"predecessor-version":[{"id":224,"href":"https:\/\/doingarrival.com\/fr\/wp-json\/wp\/v2\/pages\/171\/revisions\/224"}],"wp:attachment":[{"href":"https:\/\/doingarrival.com\/fr\/wp-json\/wp\/v2\/media?parent=171"}],"curies":[{"name":"wp","href":"https:\/\/api.w.org\/{rel}","templated":true}]}}